{"id":5072,"date":"2024-06-10T08:37:32","date_gmt":"2024-06-10T07:37:32","guid":{"rendered":"https:\/\/clubmeb.org\/blog\/?page_id=5072"},"modified":"2024-06-10T08:37:34","modified_gmt":"2024-06-10T07:37:34","slug":"flan","status":"publish","type":"page","link":"https:\/\/clubmeb.org\/blog\/?page_id=5072","title":{"rendered":"Flan"},"content":{"rendered":"\n<figure class=\"wp-block-image size-full\"><a href=\"https:\/\/clubmeb.org\/blog\/wp-content\/uploads\/2024\/06\/Flan.png\"><img loading=\"lazy\" decoding=\"async\" width=\"272\" height=\"185\" src=\"https:\/\/clubmeb.org\/blog\/wp-content\/uploads\/2024\/06\/Flan.png\" alt=\"\" class=\"wp-image-5073\"\/><\/a><\/figure>\n\n\n\n<p><strong>2 flans de 8 pers<\/strong><\/p>\n\n\n\n<p>2 x 100 grs de pr\u00e9paration IMPERIAL<\/p>\n\n\n\n<p>2 x 1l de lait (50 + 150cl)<\/p>\n\n\n\n<p>2 x 1 \u0153uf<\/p>\n\n\n\n<p>2 x 150 grs de sucre<\/p>\n\n\n\n<p>Pr\u00e9chauffer four \u00e0 180\u00b0C \/ Th 6)<\/p>\n\n\n\n<p>150cl de lait \u00e0 \u00e9bullition+300g de sucre, pendant ce temps, dans un autre r\u00e9cipient, m\u00e9langer au fouet 200g de pr\u00e9pa Imp\u00e9rial, 2 \u0153ufs et 50cl de lait froid&nbsp;? Versez ce m\u00e9lange dans le lait bouillant et laissez \u00e9paissir en remuant sans cesse (15mn au four<\/p>\n\n\n\n<p><strong>Fond des flans<\/strong><\/p>\n\n\n\n<p>P\u00e2te bris\u00e9e 1kg<\/p>\n\n\n\n<p>1 kg de farine<\/p>\n\n\n\n<p>500 grs de beurre<\/p>\n\n\n\n<p>2 \u0153ufs<\/p>\n\n\n\n<p>120ml d\u2019eau<\/p>\n","protected":false},"excerpt":{"rendered":"<p>2 flans de 8 pers 2 x 100 grs de pr\u00e9paration IMPERIAL 2 x 1l de lait (50 + 150cl)<\/p>\n","protected":false},"author":1,"featured_media":0,"parent":5045,"menu_order":0,"comment_status":"closed","ping_status":"closed","template":"","meta":{"ngg_post_thumbnail":0,"two_page_speed":[],"footnotes":""},"class_list":["post-5072","page","type-page","status-publish","hentry"],"_links":{"self":[{"href":"https:\/\/clubmeb.org\/blog\/index.php?rest_route=\/wp\/v2\/pages\/5072","targetHints":{"allow":["GET"]}}],"collection":[{"href":"https:\/\/clubmeb.org\/blog\/index.php?rest_route=\/wp\/v2\/pages"}],"about":[{"href":"https:\/\/clubmeb.org\/blog\/index.php?rest_route=\/wp\/v2\/types\/page"}],"author":[{"embeddable":true,"href":"https:\/\/clubmeb.org\/blog\/index.php?rest_route=\/wp\/v2\/users\/1"}],"replies":[{"embeddable":true,"href":"https:\/\/clubmeb.org\/blog\/index.php?rest_route=%2Fwp%2Fv2%2Fcomments&post=5072"}],"version-history":[{"count":1,"href":"https:\/\/clubmeb.org\/blog\/index.php?rest_route=\/wp\/v2\/pages\/5072\/revisions"}],"predecessor-version":[{"id":5074,"href":"https:\/\/clubmeb.org\/blog\/index.php?rest_route=\/wp\/v2\/pages\/5072\/revisions\/5074"}],"up":[{"embeddable":true,"href":"https:\/\/clubmeb.org\/blog\/index.php?rest_route=\/wp\/v2\/pages\/5045"}],"wp:attachment":[{"href":"https:\/\/clubmeb.org\/blog\/index.php?rest_route=%2Fwp%2Fv2%2Fmedia&parent=5072"}],"curies":[{"name":"wp","href":"https:\/\/api.w.org\/{rel}","templated":true}]}}