{"id":4704,"date":"2023-04-24T13:49:10","date_gmt":"2023-04-24T12:49:10","guid":{"rendered":"http:\/\/clubmeb.org\/blog\/?page_id=4704"},"modified":"2023-05-08T18:59:40","modified_gmt":"2023-05-08T17:59:40","slug":"2023-promenade-normande","status":"publish","type":"page","link":"https:\/\/clubmeb.org\/blog\/?page_id=4704","title":{"rendered":"2023 promenade normande"},"content":{"rendered":"\n<p>Pour se remettre en jambes, nous avions organis\u00e9 un promenade normande en semaine.<\/p>   <p>Une belle journ\u00e9e ensoleill\u00e9e nous \u00e0 permis de d\u00e9couvrir quelques beau coins de cette partie de la France.<\/p>\n\n\n\nngg_shortcode_0_placeholder\n","protected":false},"excerpt":{"rendered":"<p>Pour se remettre en jambes, nous avions organis\u00e9 un promenade normande en semaine. Une belle journ\u00e9e ensoleill\u00e9e nous \u00e0 permis<\/p>\n","protected":false},"author":1,"featured_media":0,"parent":29,"menu_order":0,"comment_status":"closed","ping_status":"closed","template":"","meta":{"ngg_post_thumbnail":0,"two_page_speed":[],"footnotes":""},"class_list":["post-4704","page","type-page","status-publish","hentry"],"_links":{"self":[{"href":"https:\/\/clubmeb.org\/blog\/index.php?rest_route=\/wp\/v2\/pages\/4704","targetHints":{"allow":["GET"]}}],"collection":[{"href":"https:\/\/clubmeb.org\/blog\/index.php?rest_route=\/wp\/v2\/pages"}],"about":[{"href":"https:\/\/clubmeb.org\/blog\/index.php?rest_route=\/wp\/v2\/types\/page"}],"author":[{"embeddable":true,"href":"https:\/\/clubmeb.org\/blog\/index.php?rest_route=\/wp\/v2\/users\/1"}],"replies":[{"embeddable":true,"href":"https:\/\/clubmeb.org\/blog\/index.php?rest_route=%2Fwp%2Fv2%2Fcomments&post=4704"}],"version-history":[{"count":5,"href":"https:\/\/clubmeb.org\/blog\/index.php?rest_route=\/wp\/v2\/pages\/4704\/revisions"}],"predecessor-version":[{"id":4716,"href":"https:\/\/clubmeb.org\/blog\/index.php?rest_route=\/wp\/v2\/pages\/4704\/revisions\/4716"}],"up":[{"embeddable":true,"href":"https:\/\/clubmeb.org\/blog\/index.php?rest_route=\/wp\/v2\/pages\/29"}],"wp:attachment":[{"href":"https:\/\/clubmeb.org\/blog\/index.php?rest_route=%2Fwp%2Fv2%2Fmedia&parent=4704"}],"curies":[{"name":"wp","href":"https:\/\/api.w.org\/{rel}","templated":true}]}}