{"id":41,"date":"2009-08-15T19:05:08","date_gmt":"2009-08-15T17:05:08","guid":{"rendered":"http:\/\/clubmeb.org\/blog\/?page_id=41"},"modified":"2009-08-15T19:07:16","modified_gmt":"2009-08-15T17:07:16","slug":"2008-barbecue","status":"publish","type":"page","link":"https:\/\/clubmeb.org\/blog\/?page_id=41","title":{"rendered":"2008 Barbecue"},"content":{"rendered":"<p><P><FONT face=verdana size=4>Comme les ann\u00e9es pr\u00e9c\u00e9dantes, nous nous sommes retrouv\u00e9 chez Philippe pour cette fois ci un barbecue.<\/FONT><\/P><br \/>\n<P><FONT face=Verdana size=4><\/FONT> <\/P><br \/>\n<P><FONT face=Verdana size=4>Quelques irr\u00e9ductibles sont venus en moto<\/FONT><\/P><br \/>\n<P><FONT size=4><IMG alt=\"\" hspace=0 src=\"http:\/\/clubmeb.org\/modules\/upload\/upload\/IMG_2497.jpg\" align=baseline border=0><\/FONT><\/P><br \/>\n<P><FONT face=verdana size=4>Puis Rocco nous \u00e0 donn\u00e9 quelques indications sur l&rsquo;effet de la pillule bleue<\/FONT><\/P><br \/>\n<P><FONT face=verdana size=4>Avant <\/FONT><\/P><br \/>\n<P><FONT face=verdana size=4><IMG alt=\"\" hspace=0 src=\"http:\/\/clubmeb.org\/modules\/upload\/upload\/IMG_2498.jpg\" align=baseline border=0><\/FONT><\/P><br \/>\n<P><FONT face=verdana size=4>Apr\u00e8s<\/FONT><\/P><br \/>\n<P><FONT face=verdana size=4><IMG alt=\"\" hspace=0 src=\"http:\/\/clubmeb.org\/modules\/upload\/upload\/IMG_2500.jpg\" align=baseline border=0><\/FONT><\/P><\/p>\nngg_shortcode_0_placeholder\n","protected":false},"excerpt":{"rendered":"<p>Comme les ann\u00e9es pr\u00e9c\u00e9dantes, nous nous sommes retrouv\u00e9 chez Philippe pour cette fois ci un barbecue. Quelques irr\u00e9ductibles sont venus<\/p>\n","protected":false},"author":1,"featured_media":0,"parent":29,"menu_order":0,"comment_status":"open","ping_status":"open","template":"","meta":{"ngg_post_thumbnail":0,"two_page_speed":[],"footnotes":""},"class_list":["post-41","page","type-page","status-publish","hentry"],"_links":{"self":[{"href":"https:\/\/clubmeb.org\/blog\/index.php?rest_route=\/wp\/v2\/pages\/41","targetHints":{"allow":["GET"]}}],"collection":[{"href":"https:\/\/clubmeb.org\/blog\/index.php?rest_route=\/wp\/v2\/pages"}],"about":[{"href":"https:\/\/clubmeb.org\/blog\/index.php?rest_route=\/wp\/v2\/types\/page"}],"author":[{"embeddable":true,"href":"https:\/\/clubmeb.org\/blog\/index.php?rest_route=\/wp\/v2\/users\/1"}],"replies":[{"embeddable":true,"href":"https:\/\/clubmeb.org\/blog\/index.php?rest_route=%2Fwp%2Fv2%2Fcomments&post=41"}],"version-history":[{"count":4,"href":"https:\/\/clubmeb.org\/blog\/index.php?rest_route=\/wp\/v2\/pages\/41\/revisions"}],"predecessor-version":[{"id":45,"href":"https:\/\/clubmeb.org\/blog\/index.php?rest_route=\/wp\/v2\/pages\/41\/revisions\/45"}],"up":[{"embeddable":true,"href":"https:\/\/clubmeb.org\/blog\/index.php?rest_route=\/wp\/v2\/pages\/29"}],"wp:attachment":[{"href":"https:\/\/clubmeb.org\/blog\/index.php?rest_route=%2Fwp%2Fv2%2Fmedia&parent=41"}],"curies":[{"name":"wp","href":"https:\/\/api.w.org\/{rel}","templated":true}]}}