{"id":40,"date":"2009-08-15T19:11:26","date_gmt":"2009-08-15T17:11:26","guid":{"rendered":"http:\/\/clubmeb.org\/blog\/?page_id=40"},"modified":"2021-08-24T18:03:09","modified_gmt":"2021-08-24T17:03:09","slug":"2004-sortie-carole","status":"publish","type":"page","link":"https:\/\/clubmeb.org\/blog\/?page_id=40","title":{"rendered":"2004 Sortie Carole"},"content":{"rendered":"<p>&nbsp;<\/p>\n<p>&nbsp;<\/p>\n<table border=\"1\" width=\"100%\" cellspacing=\"0\" cellpadding=\"3\">\n<tbody>\n<tr>\n<td valign=\"top\" width=\"5%\">&nbsp;<\/td>\n<td valign=\"top\" width=\"95%\">\n<img loading=\"lazy\" decoding=\"async\" class=\"\" style=\"width: 315px; height: 207px;\" src=\"http:\/\/clubmeb.org\/modules\/upload\/upload\/DSCN6087.JPG\" alt=\"\" width=\"341\" height=\"228\" align=\"baseline\" border=\"0\" hspace=\"0\"><\/p>\n<p><span style=\"font-family: Verdana; font-size: large;\">R\u00e9sum\u00e9 de notre journ\u00e9e<\/span><\/td>\n<\/tr>\n<\/tbody>\n<\/table>\n<table border=\"1\" width=\"100%\" cellspacing=\"0\" cellpadding=\"3\">\n<tbody>\n<tr>\n<td valign=\"top\" width=\"5%\">&nbsp;<\/td>\n<td valign=\"top\" width=\"95%\">\n<span style=\"font-family: verdana; font-size: small;\">Par cette belle journ\u00e9e d&rsquo;octobre, (quelle chance avec le temps), le club MEB, enfin un \u00e9chantillon des meilleurs repr\u00e9sentants, s&rsquo;\u00e9taient donn\u00e9 rendez vous au circuit Carole histoire d&rsquo;en d\u00e9coudre autrement que le soir \u00e0 l&rsquo;ap\u00e9ro.<\/span><\/p>\n<p><img loading=\"lazy\" decoding=\"async\" class=\"\" style=\"width: 296px; height: 197px;\" src=\"http:\/\/clubmeb.org\/modules\/upload\/upload\/DSCN6088.JPG\" alt=\"\" width=\"402\" height=\"268\" align=\"baseline\" border=\"0\" hspace=\"0\"><br \/>\n<span style=\"font-family: Verdana; font-size: small;\">Pas de palabre donc, que de la bagarre, enfin, presque, parce que notre pr\u00e9sident toujours devant, on n&rsquo;ose toujours pas le d\u00e9passer (sauf en ligne droite, et l\u00e0 m\u00eame Willish aurait pu le faire), et dans les virages, ben, il est petit, avec une petite moto, donc \u00e7\u00e0 tourne bien les pockets bikes.<\/span><\/p>\n<p><span style=\"font-family: Verdana; font-size: small;\">Au fait, m\u00eame Polo, veut venir la prochaine fois pour tourner avec le XJR. Chouette, non !<\/span><\/td>\n<td valign=\"top\" width=\"5%\">&nbsp;<\/td>\n<\/tr>\n<\/tbody>\n<\/table>\n<table border=\"1\" width=\"100%\" cellspacing=\"0\" cellpadding=\"3\">\n<tbody>\n<tr>\n<td valign=\"top\" width=\"5%\">&nbsp;<\/td>\n<td valign=\"top\" width=\"95%\">\n<span style=\"font-family: Verdana; font-size: small;\">Un autre, J\u00e9r\u00e9mie, avec sa moto qui se d\u00e9monte toute seule, (dommage d&rsquo;ailleurs que le commissaire de piste ne l&rsquo;ait pas autoris\u00e9 \u00e0 rentrer avec son sac \u00e0 dos, car nous aurions eu du film avec cam\u00e9ra embarqu\u00e9e), alors lui, c&rsquo;est que de la trajectoire improvis\u00e9e, \u00e7a se ballade sur la piste, \u00e7a bouge de tous les cot\u00e9s aux freinages, et surprise, \u00e7a passe.<img loading=\"lazy\" decoding=\"async\" class=\"\" style=\"width: 322px; height: 252px;\" src=\"http:\/\/clubmeb.org\/modules\/upload\/upload\/DSCN6094.JPG\" alt=\"\" width=\"333\" height=\"222\" border=\"0\" hspace=\"0\"><\/span><\/td>\n<td valign=\"top\" width=\"5%\"><img loading=\"lazy\" decoding=\"async\" src=\"http:\/\/clubmeb.org\/modules\/upload\/upload\/DSCN6097.JPG\" alt=\"\" width=\"229\" height=\"173\" align=\"baseline\" border=\"0\" hspace=\"0\"><\/td>\n<\/tr>\n<\/tbody>\n<\/table>\n<table border=\"1\" width=\"100%\" cellspacing=\"0\" cellpadding=\"3\">\n<tbody>\n<tr>\n<td valign=\"top\" width=\"5%\">&nbsp;<\/td>\n<td valign=\"top\" width=\"95%\">\n<span style=\"font-family: Verdana; font-size: small;\">Enfin, le dernier et non le moindre, car toujours devant, c&rsquo;est Yves avec son dromadaire du dessert qui enrhume tout ce qui roule autour de lui,m\u00eame les pros du circuit en hyper sport avaient du mal et notamment en sortie de virage.<\/span><\/p>\n<p><img loading=\"lazy\" decoding=\"async\" style=\"width: 164px; height: 165px;\" src=\"http:\/\/clubmeb.org\/modules\/upload\/upload\/DSCN6093.JPG\" alt=\"\" width=\"249\" height=\"354\" align=\"baseline\" border=\"0\" hspace=\"0\"><br \/>\n&nbsp;<\/td>\n<td valign=\"top\" width=\"5%\"><span style=\"font-family: verdana; font-size: small;\">Article \u00e9crit par <img decoding=\"async\" src=\"http:\/\/clubmeb.org\/modules\/upload\/upload\/Bandit12.gif\" alt=\"\" border=\"0\" hspace=\"0\"><\/span><\/td>\n<\/tr>\n<\/tbody>\n<\/table>\n<p>&nbsp;<\/p>\n","protected":false},"excerpt":{"rendered":"<p>&nbsp; &nbsp; &nbsp; R\u00e9sum\u00e9 de notre journ\u00e9e &nbsp; Par cette belle journ\u00e9e d&rsquo;octobre, (quelle chance avec le temps), le club<\/p>\n","protected":false},"author":1,"featured_media":0,"parent":29,"menu_order":0,"comment_status":"open","ping_status":"open","template":"","meta":{"ngg_post_thumbnail":0,"two_page_speed":[],"footnotes":""},"class_list":["post-40","page","type-page","status-publish","hentry"],"_links":{"self":[{"href":"https:\/\/clubmeb.org\/blog\/index.php?rest_route=\/wp\/v2\/pages\/40","targetHints":{"allow":["GET"]}}],"collection":[{"href":"https:\/\/clubmeb.org\/blog\/index.php?rest_route=\/wp\/v2\/pages"}],"about":[{"href":"https:\/\/clubmeb.org\/blog\/index.php?rest_route=\/wp\/v2\/types\/page"}],"author":[{"embeddable":true,"href":"https:\/\/clubmeb.org\/blog\/index.php?rest_route=\/wp\/v2\/users\/1"}],"replies":[{"embeddable":true,"href":"https:\/\/clubmeb.org\/blog\/index.php?rest_route=%2Fwp%2Fv2%2Fcomments&post=40"}],"version-history":[{"count":3,"href":"https:\/\/clubmeb.org\/blog\/index.php?rest_route=\/wp\/v2\/pages\/40\/revisions"}],"predecessor-version":[{"id":2815,"href":"https:\/\/clubmeb.org\/blog\/index.php?rest_route=\/wp\/v2\/pages\/40\/revisions\/2815"}],"up":[{"embeddable":true,"href":"https:\/\/clubmeb.org\/blog\/index.php?rest_route=\/wp\/v2\/pages\/29"}],"wp:attachment":[{"href":"https:\/\/clubmeb.org\/blog\/index.php?rest_route=%2Fwp%2Fv2%2Fmedia&parent=40"}],"curies":[{"name":"wp","href":"https:\/\/api.w.org\/{rel}","templated":true}]}}