{"id":151,"date":"2010-04-13T20:37:34","date_gmt":"2010-04-13T19:37:34","guid":{"rendered":"http:\/\/clubmeb.org\/blog\/?page_id=151"},"modified":"2010-04-16T14:46:28","modified_gmt":"2010-04-16T13:46:28","slug":"2-sidentifier","status":"publish","type":"page","link":"https:\/\/clubmeb.org\/blog\/?page_id=151","title":{"rendered":"2 &#8211; S&rsquo;identifier"},"content":{"rendered":"<p>S&rsquo;identifier vous permet d&rsquo;ajouter des commentaires aux articles et de r\u00e9pondre dans les forums.<\/p>\n<p>Pour cela:<\/p>\n<p>\u00e0 gauche de l&rsquo;\u00e9cran, cliquer sur \u00ab\u00a0se connecter\u00a0\u00bb <a href=\"https:\/\/clubmeb.org\/blog\/wp-content\/uploads\/2010\/04\/Se-connecter.jpg\"><img loading=\"lazy\" decoding=\"async\" class=\"aligncenter size-thumbnail wp-image-130\" title=\"Se connecter\" src=\"https:\/\/clubmeb.org\/blog\/wp-content\/uploads\/2010\/04\/Se-connecter-150x122.jpg\" alt=\"\" width=\"150\" height=\"122\" \/><\/a>La fen\u00eatre suivante s&rsquo;ouvre:<\/p>\n<p><a href=\"https:\/\/clubmeb.org\/blog\/wp-content\/uploads\/2010\/04\/Se-connecter2.jpg\"><img loading=\"lazy\" decoding=\"async\" class=\"aligncenter size-thumbnail wp-image-132\" title=\"Se connecter2\" src=\"https:\/\/clubmeb.org\/blog\/wp-content\/uploads\/2010\/04\/Se-connecter2-150x150.jpg\" alt=\"\" width=\"150\" height=\"150\" \/><\/a><\/p>\n<p>Remplir les informations demand\u00e9es et cliquer sur \u00ab\u00a0se connecter\u00a0\u00bb<\/p>\n<p>Si vous cochez la case \u00ab\u00a0se souvenir de moi\u00a0\u00bb, il ne sera plus n\u00e9cessaire de s&rsquo;identifier lorsque vous reviendrez sur le site.<\/p>\n","protected":false},"excerpt":{"rendered":"<p>S&rsquo;identifier vous permet d&rsquo;ajouter des commentaires aux articles et de r\u00e9pondre dans les forums. Pour cela: \u00e0 gauche de l&rsquo;\u00e9cran,<\/p>\n","protected":false},"author":1,"featured_media":0,"parent":124,"menu_order":2,"comment_status":"closed","ping_status":"open","template":"","meta":{"ngg_post_thumbnail":0,"two_page_speed":[],"footnotes":""},"class_list":["post-151","page","type-page","status-publish","hentry"],"_links":{"self":[{"href":"https:\/\/clubmeb.org\/blog\/index.php?rest_route=\/wp\/v2\/pages\/151","targetHints":{"allow":["GET"]}}],"collection":[{"href":"https:\/\/clubmeb.org\/blog\/index.php?rest_route=\/wp\/v2\/pages"}],"about":[{"href":"https:\/\/clubmeb.org\/blog\/index.php?rest_route=\/wp\/v2\/types\/page"}],"author":[{"embeddable":true,"href":"https:\/\/clubmeb.org\/blog\/index.php?rest_route=\/wp\/v2\/users\/1"}],"replies":[{"embeddable":true,"href":"https:\/\/clubmeb.org\/blog\/index.php?rest_route=%2Fwp%2Fv2%2Fcomments&post=151"}],"version-history":[{"count":15,"href":"https:\/\/clubmeb.org\/blog\/index.php?rest_route=\/wp\/v2\/pages\/151\/revisions"}],"predecessor-version":[{"id":219,"href":"https:\/\/clubmeb.org\/blog\/index.php?rest_route=\/wp\/v2\/pages\/151\/revisions\/219"}],"up":[{"embeddable":true,"href":"https:\/\/clubmeb.org\/blog\/index.php?rest_route=\/wp\/v2\/pages\/124"}],"wp:attachment":[{"href":"https:\/\/clubmeb.org\/blog\/index.php?rest_route=%2Fwp%2Fv2%2Fmedia&parent=151"}],"curies":[{"name":"wp","href":"https:\/\/api.w.org\/{rel}","templated":true}]}}